{"id":264,"date":"2024-05-31T19:16:39","date_gmt":"2024-05-31T17:16:39","guid":{"rendered":"https:\/\/maptechservices.fr\/?page_id=264"},"modified":"2026-01-13T19:26:16","modified_gmt":"2026-01-13T18:26:16","slug":"mise-au-point-cvc","status":"publish","type":"page","link":"https:\/\/maptechservices.fr\/index.php\/mise-au-point-cvc\/","title":{"rendered":"Mise au point cvc"},"content":{"rendered":"\n<h1 class=\"wp-block-heading has-text-align-center\">Chauffage Ventilation Climatisation<\/h1>\n\n\n\n<div class=\"wp-block-group is-nowrap is-layout-flex wp-container-core-group-is-layout-6c531013 wp-block-group-is-layout-flex\">\n<blockquote class=\"wp-block-quote is-layout-flow wp-block-quote-is-layout-flow\">\n<p>Le <strong>technicien metteur au point CVC<\/strong> est responsable des <strong>r\u00e9glages, essais, diagnostics et mises en service<\/strong> des installations de chauffage, ventilation, climatisation et parfois de plomberie ou de d\u00e9senfumage. Il intervient en <strong>fin de chantier<\/strong> pour garantir que les syst\u00e8mes CVC fonctionnent conform\u00e9ment aux <strong>exigences techniques, r\u00e9glementaires et contractuelles<\/strong>.<\/p>\n\n\n\n<p>Il joue un r\u00f4le central dans la <strong>validation des performances \u00e9nerg\u00e9tiques<\/strong>, l&rsquo;<strong>\u00e9quilibrage des r\u00e9seaux<\/strong> (air et eau) et la <strong>remise des installations aux clients<\/strong>. Il travaille en lien avec les \u00e9quipes de chantier, les bureaux d\u2019\u00e9tudes, les fournisseurs, et parfois les clients finaux.<\/p>\n<\/blockquote>\n\n\n\n<figure class=\"wp-block-image size-large is-resized is-style-rounded wp-duotone-unset-1\"><img data-dominant-color=\"837961\" data-has-transparency=\"false\" loading=\"lazy\" decoding=\"async\" width=\"768\" height=\"1024\" sizes=\"auto, (max-width: 325px) 100vw, 325px\" src=\"https:\/\/maptechservices.fr\/wp-content\/uploads\/2025\/07\/IMG-20250608-WA0030-768x1024.jpg\" alt=\"\" class=\"wp-image-374 not-transparent\" style=\"--dominant-color: #837961; width:325px;height:auto\" srcset=\"https:\/\/maptechservices.fr\/wp-content\/uploads\/2025\/07\/IMG-20250608-WA0030-768x1024.jpg 768w, https:\/\/maptechservices.fr\/wp-content\/uploads\/2025\/07\/IMG-20250608-WA0030-225x300.jpg 225w, https:\/\/maptechservices.fr\/wp-content\/uploads\/2025\/07\/IMG-20250608-WA0030-1152x1536.jpg 1152w, https:\/\/maptechservices.fr\/wp-content\/uploads\/2025\/07\/IMG-20250608-WA0030.jpg 1200w\" \/><\/figure>\n<\/div>\n\n\n\n<div class=\"wp-block-group is-layout-constrained wp-block-group-is-layout-constrained\">\n<div class=\"wp-block-columns is-layout-flex wp-container-core-columns-is-layout-28f84493 wp-block-columns-is-layout-flex\">\n<div class=\"wp-block-column is-vertically-aligned-center is-style-homedroid-boxshadow is-layout-flow wp-block-column-is-layout-flow\" style=\"flex-basis:100%\">\n<figure class=\"wp-block-gallery alignleft has-nested-images columns-default is-cropped wp-block-gallery-2 is-layout-flex wp-block-gallery-is-layout-flex\">\n<figure class=\"wp-block-image size-large is-resized is-style-rounded\"><img data-dominant-color=\"7d5a48\" data-has-transparency=\"false\" loading=\"lazy\" decoding=\"async\" width=\"768\" height=\"1024\" sizes=\"auto, (max-width: 261px) 100vw, 261px\" data-id=\"375\" src=\"https:\/\/maptechservices.fr\/wp-content\/uploads\/2025\/07\/IMG-20250608-WA0011-768x1024.jpg\" alt=\"\" class=\"wp-image-375 not-transparent\" style=\"--dominant-color: #7d5a48; width:261px;height:auto\" srcset=\"https:\/\/maptechservices.fr\/wp-content\/uploads\/2025\/07\/IMG-20250608-WA0011-768x1024.jpg 768w, https:\/\/maptechservices.fr\/wp-content\/uploads\/2025\/07\/IMG-20250608-WA0011-225x300.jpg 225w, https:\/\/maptechservices.fr\/wp-content\/uploads\/2025\/07\/IMG-20250608-WA0011-1152x1536.jpg 1152w, https:\/\/maptechservices.fr\/wp-content\/uploads\/2025\/07\/IMG-20250608-WA0011.jpg 1200w\" \/><\/figure>\n<\/figure>\n\n\n\n<h4 class=\"wp-block-heading has-text-align-center\">Le technicien metteur au point intervient sur :<\/h4>\n\n\n\n<p class=\"has-text-align-center\">Travaille en lien avec : <strong>conducteurs de travaux<\/strong>, <strong>bureaux d\u2019\u00e9tudes fluides<\/strong>, <strong>installateurs<\/strong>, <strong>int\u00e9grateurs GTB<\/strong>, <strong>ma\u00eetres d\u2019ouvrage<\/strong>.<\/p>\n\n\n\n<p class=\"has-text-align-center\">B\u00e2timents tertiaires (bureaux, h\u00f4pitaux, \u00e9coles, h\u00f4tels, etc.).<\/p>\n\n\n\n<p class=\"has-text-align-center\">R\u00e9sidentiel collectif neuf ou r\u00e9nov\u00e9.<\/p>\n\n\n\n<p class=\"has-text-align-center\">Sites industriels.<\/p>\n<\/div>\n<\/div>\n<\/div>\n\n\n\n<div class=\"wp-block-group is-nowrap is-layout-flex wp-container-core-group-is-layout-6c531013 wp-block-group-is-layout-flex\">\n<ul class=\"wp-block-list\">\n<li>Mise au point<\/li>\n\n\n\n<li><strong>\u00c9quilibrage<\/strong> (air\/eau)<\/li>\n\n\n\n<li>Mise en service<\/li>\n\n\n\n<li>R\u00e9gulation CVC<\/li>\n\n\n\n<li>Contr\u00f4le de performance<\/li>\n\n\n\n<li>Mesure (pression, temp\u00e9rature, d\u00e9bit, hygrom\u00e9trie)<\/li>\n\n\n\n<li>D\u00e9pannage<\/li>\n\n\n\n<li>Rapport de mise en service<\/li>\n\n\n\n<li>Thermique du b\u00e2timent<\/li>\n\n\n\n<li>Efficacit\u00e9 \u00e9nerg\u00e9tique<\/li>\n\n\n\n<li>Instrumentation<\/li>\n\n\n\n<li>Collaboration inter-m\u00e9tiers<\/li>\n\n\n\n<li>Respect des normes<\/li>\n\n\n\n<li>Essais fonctionnels<\/li>\n\n\n\n<li>Param\u00e9trage<\/li>\n\n\n\n<li>Lecture de plans<\/li>\n\n\n\n<li>Automatisme \/ GTB (Gestion Technique du B\u00e2timent)<\/li>\n<\/ul>\n\n\n\n<div class=\"wp-block-columns are-vertically-aligned-center is-layout-flex wp-container-core-columns-is-layout-28f84493 wp-block-columns-is-layout-flex\">\n<div class=\"wp-block-column is-vertically-aligned-center is-layout-flow wp-block-column-is-layout-flow\" style=\"flex-basis:100%\">\n<figure class=\"wp-block-image alignright size-large is-resized is-style-rounded\"><img data-dominant-color=\"878078\" data-has-transparency=\"false\" loading=\"lazy\" decoding=\"async\" width=\"768\" height=\"1024\" sizes=\"auto, (max-width: 320px) 100vw, 320px\" src=\"https:\/\/maptechservices.fr\/wp-content\/uploads\/2025\/07\/IMG-20250608-WA0028-768x1024.jpg\" alt=\"\" class=\"wp-image-373 not-transparent\" style=\"--dominant-color: #878078; width:320px;height:auto\" srcset=\"https:\/\/maptechservices.fr\/wp-content\/uploads\/2025\/07\/IMG-20250608-WA0028-768x1024.jpg 768w, https:\/\/maptechservices.fr\/wp-content\/uploads\/2025\/07\/IMG-20250608-WA0028-225x300.jpg 225w, https:\/\/maptechservices.fr\/wp-content\/uploads\/2025\/07\/IMG-20250608-WA0028-1152x1536.jpg 1152w, https:\/\/maptechservices.fr\/wp-content\/uploads\/2025\/07\/IMG-20250608-WA0028.jpg 1200w\" \/><\/figure>\n<\/div>\n<\/div>\n<\/div>\n\n\n\n<hr class=\"wp-block-separator has-alpha-channel-opacity\"\/>\n\n\n\n<h4 class=\"wp-block-heading has-text-align-center\">Retrouvez-nous sur nos diff\u00e9rents m\u00e9dias.<\/h4>\n\n\n\n<ul class=\"wp-block-social-links aligncenter is-layout-flex wp-block-social-links-is-layout-flex\"><li class=\"wp-social-link wp-social-link-linkedin  wp-block-social-link\"><a href=\"https:\/\/www.linkedin.com\/company\/sarl-maptech-services\/?viewAsMember=true\" class=\"wp-block-social-link-anchor\"><svg width=\"24\" height=\"24\" viewBox=\"0 0 24 24\" version=\"1.1\" xmlns=\"http:\/\/www.w3.org\/2000\/svg\" aria-hidden=\"true\" focusable=\"false\"><path d=\"M19.7,3H4.3C3.582,3,3,3.582,3,4.3v15.4C3,20.418,3.582,21,4.3,21h15.4c0.718,0,1.3-0.582,1.3-1.3V4.3 C21,3.582,20.418,3,19.7,3z M8.339,18.338H5.667v-8.59h2.672V18.338z M7.004,8.574c-0.857,0-1.549-0.694-1.549-1.548 c0-0.855,0.691-1.548,1.549-1.548c0.854,0,1.547,0.694,1.547,1.548C8.551,7.881,7.858,8.574,7.004,8.574z M18.339,18.338h-2.669 v-4.177c0-0.996-0.017-2.278-1.387-2.278c-1.389,0-1.601,1.086-1.601,2.206v4.249h-2.667v-8.59h2.559v1.174h0.037 c0.356-0.675,1.227-1.387,2.526-1.387c2.703,0,3.203,1.779,3.203,4.092V18.338z\"><\/path><\/svg><span class=\"wp-block-social-link-label screen-reader-text\">LinkedIn<\/span><\/a><\/li>\n\n<li class=\"wp-social-link wp-social-link-youtube  wp-block-social-link\"><a href=\"https:\/\/www.youtube.com\/@Maptechservices\/videos\" class=\"wp-block-social-link-anchor\"><svg width=\"24\" height=\"24\" viewBox=\"0 0 24 24\" version=\"1.1\" xmlns=\"http:\/\/www.w3.org\/2000\/svg\" aria-hidden=\"true\" focusable=\"false\"><path d=\"M21.8,8.001c0,0-0.195-1.378-0.795-1.985c-0.76-0.797-1.613-0.801-2.004-0.847c-2.799-0.202-6.997-0.202-6.997-0.202 h-0.009c0,0-4.198,0-6.997,0.202C4.608,5.216,3.756,5.22,2.995,6.016C2.395,6.623,2.2,8.001,2.2,8.001S2,9.62,2,11.238v1.517 c0,1.618,0.2,3.237,0.2,3.237s0.195,1.378,0.795,1.985c0.761,0.797,1.76,0.771,2.205,0.855c1.6,0.153,6.8,0.201,6.8,0.201 s4.203-0.006,7.001-0.209c0.391-0.047,1.243-0.051,2.004-0.847c0.6-0.607,0.795-1.985,0.795-1.985s0.2-1.618,0.2-3.237v-1.517 C22,9.62,21.8,8.001,21.8,8.001z M9.935,14.594l-0.001-5.62l5.404,2.82L9.935,14.594z\"><\/path><\/svg><span class=\"wp-block-social-link-label screen-reader-text\">YouTube<\/span><\/a><\/li><\/ul>\n\n\n\n<h6 class=\"wp-block-heading\"><em>Vid\u00e9o de notre intervention sur le chantier de la Gare des Gobelins &#8211; Paris 13\u00e8me<\/em><\/h6>\n\n\n\n<figure class=\"wp-block-embed is-type-video is-provider-youtube wp-block-embed-youtube wp-embed-aspect-16-9 wp-has-aspect-ratio\"><div class=\"wp-block-embed__wrapper\">\n<iframe loading=\"lazy\" title=\"Gare des Gobelins - Maptech services\" width=\"500\" height=\"281\" src=\"https:\/\/www.youtube.com\/embed\/rD9XMLWTso4?feature=oembed\" frameborder=\"0\" allow=\"accelerometer; autoplay; clipboard-write; encrypted-media; gyroscope; picture-in-picture; web-share\" referrerpolicy=\"strict-origin-when-cross-origin\" allowfullscreen><\/iframe>\n<\/div><\/figure>\n\n\n\n<h4 class=\"wp-block-heading has-text-align-center\">Vous souhaitez rejoindre l&rsquo;aventure ? <br><a href=\"https:\/\/maptechservices.fr\/index.php\/nouscontacter\/\">Contactez-nous<\/a><\/h4>\n\n\n\n<p><\/p>\n","protected":false},"excerpt":{"rendered":"<p>Chauffage Ventilation Climatisation Le technicien metteur au point CVC est responsable des r\u00e9glages, essais, diagnostics et mises en service des installations de chauffage, ventilation, climatisation et parfois de plomberie ou de d\u00e9senfumage. Il intervient en fin de chantier pour garantir que les syst\u00e8mes CVC fonctionnent conform\u00e9ment aux exigences techniques, r\u00e9glementaires et contractuelles. Il joue un&#8230;<\/p>\n","protected":false},"author":1,"featured_media":0,"parent":0,"menu_order":1,"comment_status":"closed","ping_status":"closed","template":"single-fullwith-template","meta":{"footnotes":""},"class_list":["post-264","page","type-page","status-publish","hentry"],"yoast_head":"<!-- This site is optimized with the Yoast SEO plugin v26.5 - https:\/\/yoast.com\/wordpress\/plugins\/seo\/ -->\n<title>Mise au point cvc - Maptech services<\/title>\n<meta name=\"description\" content=\"Mise au point cvc La mise au point CVCD a pour objectif de garantir le bon fonctionnement des installations de chauffage, ventilation, climatisation et d\u00e9senfumage, en veillant \u00e0 leur conformit\u00e9 aux normes techniques et r\u00e9glementaires en vigueur.\" \/>\n<meta name=\"robots\" content=\"index, follow, max-snippet:-1, max-image-preview:large, max-video-preview:-1\" \/>\n<link rel=\"canonical\" href=\"https:\/\/maptechservices.fr\/index.php\/mise-au-point-cvc\/\" \/>\n<meta property=\"og:locale\" content=\"fr_FR\" \/>\n<meta property=\"og:type\" content=\"article\" \/>\n<meta property=\"og:title\" content=\"Mise au point cvc - Maptech services\" \/>\n<meta property=\"og:description\" content=\"Mise au point cvc La mise au point CVCD a pour objectif de garantir le bon fonctionnement des installations de chauffage, ventilation, climatisation et d\u00e9senfumage, en veillant \u00e0 leur conformit\u00e9 aux normes techniques et r\u00e9glementaires en vigueur.\" \/>\n<meta property=\"og:url\" content=\"https:\/\/maptechservices.fr\/index.php\/mise-au-point-cvc\/\" \/>\n<meta property=\"og:site_name\" content=\"Maptech services\" \/>\n<meta property=\"article:modified_time\" content=\"2026-01-13T18:26:16+00:00\" \/>\n<meta property=\"og:image\" content=\"https:\/\/maptechservices.fr\/wp-content\/uploads\/2025\/07\/IMG-20250608-WA0030.jpg\" \/>\n\t<meta property=\"og:image:width\" content=\"1200\" \/>\n\t<meta property=\"og:image:height\" content=\"1600\" \/>\n\t<meta property=\"og:image:type\" content=\"image\/jpeg\" \/>\n<meta name=\"twitter:card\" content=\"summary_large_image\" \/>\n<meta name=\"twitter:label1\" content=\"Dur\u00e9e de lecture estim\u00e9e\" \/>\n\t<meta name=\"twitter:data1\" content=\"2 minutes\" \/>\n<script type=\"application\/ld+json\" class=\"yoast-schema-graph\">{\"@context\":\"https:\/\/schema.org\",\"@graph\":[{\"@type\":\"WebPage\",\"@id\":\"https:\/\/maptechservices.fr\/index.php\/mise-au-point-cvc\/\",\"url\":\"https:\/\/maptechservices.fr\/index.php\/mise-au-point-cvc\/\",\"name\":\"Mise au point cvc - Maptech services\",\"isPartOf\":{\"@id\":\"https:\/\/maptechservices.fr\/#website\"},\"primaryImageOfPage\":{\"@id\":\"https:\/\/maptechservices.fr\/index.php\/mise-au-point-cvc\/#primaryimage\"},\"image\":{\"@id\":\"https:\/\/maptechservices.fr\/index.php\/mise-au-point-cvc\/#primaryimage\"},\"thumbnailUrl\":\"https:\/\/maptechservices.fr\/wp-content\/uploads\/2025\/07\/IMG-20250608-WA0030-768x1024.jpg\",\"datePublished\":\"2024-05-31T17:16:39+00:00\",\"dateModified\":\"2026-01-13T18:26:16+00:00\",\"description\":\"Mise au point cvc La mise au point CVCD a pour objectif de garantir le bon fonctionnement des installations de chauffage, ventilation, climatisation et d\u00e9senfumage, en veillant \u00e0 leur conformit\u00e9 aux normes techniques et r\u00e9glementaires en vigueur.\",\"breadcrumb\":{\"@id\":\"https:\/\/maptechservices.fr\/index.php\/mise-au-point-cvc\/#breadcrumb\"},\"inLanguage\":\"fr-FR\",\"potentialAction\":[{\"@type\":\"ReadAction\",\"target\":[\"https:\/\/maptechservices.fr\/index.php\/mise-au-point-cvc\/\"]}]},{\"@type\":\"ImageObject\",\"inLanguage\":\"fr-FR\",\"@id\":\"https:\/\/maptechservices.fr\/index.php\/mise-au-point-cvc\/#primaryimage\",\"url\":\"https:\/\/maptechservices.fr\/wp-content\/uploads\/2025\/07\/IMG-20250608-WA0030.jpg\",\"contentUrl\":\"https:\/\/maptechservices.fr\/wp-content\/uploads\/2025\/07\/IMG-20250608-WA0030.jpg\",\"width\":1200,\"height\":1600,\"caption\":\"mise au point cvc\"},{\"@type\":\"BreadcrumbList\",\"@id\":\"https:\/\/maptechservices.fr\/index.php\/mise-au-point-cvc\/#breadcrumb\",\"itemListElement\":[{\"@type\":\"ListItem\",\"position\":1,\"name\":\"Accueil\",\"item\":\"https:\/\/maptechservices.fr\/\"},{\"@type\":\"ListItem\",\"position\":2,\"name\":\"Mise au point cvc\"}]},{\"@type\":\"WebSite\",\"@id\":\"https:\/\/maptechservices.fr\/#website\",\"url\":\"https:\/\/maptechservices.fr\/\",\"name\":\"Maptech services\",\"description\":\"\u00e9quilibrage a\u00e9raulique, hydraulique et d\u00e9senfumage CVCD.\",\"publisher\":{\"@id\":\"https:\/\/maptechservices.fr\/#organization\"},\"alternateName\":\"Maptech\",\"potentialAction\":[{\"@type\":\"SearchAction\",\"target\":{\"@type\":\"EntryPoint\",\"urlTemplate\":\"https:\/\/maptechservices.fr\/?s={search_term_string}\"},\"query-input\":{\"@type\":\"PropertyValueSpecification\",\"valueRequired\":true,\"valueName\":\"search_term_string\"}}],\"inLanguage\":\"fr-FR\"},{\"@type\":\"Organization\",\"@id\":\"https:\/\/maptechservices.fr\/#organization\",\"name\":\"Maptech services\",\"url\":\"https:\/\/maptechservices.fr\/\",\"logo\":{\"@type\":\"ImageObject\",\"inLanguage\":\"fr-FR\",\"@id\":\"https:\/\/maptechservices.fr\/#\/schema\/logo\/image\/\",\"url\":\"https:\/\/maptechservices.fr\/wp-content\/uploads\/2025\/04\/cropped-logo-2.png\",\"contentUrl\":\"https:\/\/maptechservices.fr\/wp-content\/uploads\/2025\/04\/cropped-logo-2.png\",\"width\":512,\"height\":512,\"caption\":\"Maptech services\"},\"image\":{\"@id\":\"https:\/\/maptechservices.fr\/#\/schema\/logo\/image\/\"},\"sameAs\":[\"https:\/\/www.linkedin.com\/company\/sarl-maptech-services\/?viewAsMember=true\"]}]}<\/script>\n<!-- \/ Yoast SEO plugin. -->","yoast_head_json":{"title":"Mise au point cvc - Maptech services","description":"Mise au point cvc La mise au point CVCD a pour objectif de garantir le bon fonctionnement des installations de chauffage, ventilation, climatisation et d\u00e9senfumage, en veillant \u00e0 leur conformit\u00e9 aux normes techniques et r\u00e9glementaires en vigueur.","robots":{"index":"index","follow":"follow","max-snippet":"max-snippet:-1","max-image-preview":"max-image-preview:large","max-video-preview":"max-video-preview:-1"},"canonical":"https:\/\/maptechservices.fr\/index.php\/mise-au-point-cvc\/","og_locale":"fr_FR","og_type":"article","og_title":"Mise au point cvc - Maptech services","og_description":"Mise au point cvc La mise au point CVCD a pour objectif de garantir le bon fonctionnement des installations de chauffage, ventilation, climatisation et d\u00e9senfumage, en veillant \u00e0 leur conformit\u00e9 aux normes techniques et r\u00e9glementaires en vigueur.","og_url":"https:\/\/maptechservices.fr\/index.php\/mise-au-point-cvc\/","og_site_name":"Maptech services","article_modified_time":"2026-01-13T18:26:16+00:00","og_image":[{"width":1200,"height":1600,"url":"https:\/\/maptechservices.fr\/wp-content\/uploads\/2025\/07\/IMG-20250608-WA0030.jpg","type":"image\/jpeg"}],"twitter_card":"summary_large_image","twitter_misc":{"Dur\u00e9e de lecture estim\u00e9e":"2 minutes"},"schema":{"@context":"https:\/\/schema.org","@graph":[{"@type":"WebPage","@id":"https:\/\/maptechservices.fr\/index.php\/mise-au-point-cvc\/","url":"https:\/\/maptechservices.fr\/index.php\/mise-au-point-cvc\/","name":"Mise au point cvc - Maptech services","isPartOf":{"@id":"https:\/\/maptechservices.fr\/#website"},"primaryImageOfPage":{"@id":"https:\/\/maptechservices.fr\/index.php\/mise-au-point-cvc\/#primaryimage"},"image":{"@id":"https:\/\/maptechservices.fr\/index.php\/mise-au-point-cvc\/#primaryimage"},"thumbnailUrl":"https:\/\/maptechservices.fr\/wp-content\/uploads\/2025\/07\/IMG-20250608-WA0030-768x1024.jpg","datePublished":"2024-05-31T17:16:39+00:00","dateModified":"2026-01-13T18:26:16+00:00","description":"Mise au point cvc La mise au point CVCD a pour objectif de garantir le bon fonctionnement des installations de chauffage, ventilation, climatisation et d\u00e9senfumage, en veillant \u00e0 leur conformit\u00e9 aux normes techniques et r\u00e9glementaires en vigueur.","breadcrumb":{"@id":"https:\/\/maptechservices.fr\/index.php\/mise-au-point-cvc\/#breadcrumb"},"inLanguage":"fr-FR","potentialAction":[{"@type":"ReadAction","target":["https:\/\/maptechservices.fr\/index.php\/mise-au-point-cvc\/"]}]},{"@type":"ImageObject","inLanguage":"fr-FR","@id":"https:\/\/maptechservices.fr\/index.php\/mise-au-point-cvc\/#primaryimage","url":"https:\/\/maptechservices.fr\/wp-content\/uploads\/2025\/07\/IMG-20250608-WA0030.jpg","contentUrl":"https:\/\/maptechservices.fr\/wp-content\/uploads\/2025\/07\/IMG-20250608-WA0030.jpg","width":1200,"height":1600,"caption":"mise au point cvc"},{"@type":"BreadcrumbList","@id":"https:\/\/maptechservices.fr\/index.php\/mise-au-point-cvc\/#breadcrumb","itemListElement":[{"@type":"ListItem","position":1,"name":"Accueil","item":"https:\/\/maptechservices.fr\/"},{"@type":"ListItem","position":2,"name":"Mise au point cvc"}]},{"@type":"WebSite","@id":"https:\/\/maptechservices.fr\/#website","url":"https:\/\/maptechservices.fr\/","name":"Maptech services","description":"\u00e9quilibrage a\u00e9raulique, hydraulique et d\u00e9senfumage CVCD.","publisher":{"@id":"https:\/\/maptechservices.fr\/#organization"},"alternateName":"Maptech","potentialAction":[{"@type":"SearchAction","target":{"@type":"EntryPoint","urlTemplate":"https:\/\/maptechservices.fr\/?s={search_term_string}"},"query-input":{"@type":"PropertyValueSpecification","valueRequired":true,"valueName":"search_term_string"}}],"inLanguage":"fr-FR"},{"@type":"Organization","@id":"https:\/\/maptechservices.fr\/#organization","name":"Maptech services","url":"https:\/\/maptechservices.fr\/","logo":{"@type":"ImageObject","inLanguage":"fr-FR","@id":"https:\/\/maptechservices.fr\/#\/schema\/logo\/image\/","url":"https:\/\/maptechservices.fr\/wp-content\/uploads\/2025\/04\/cropped-logo-2.png","contentUrl":"https:\/\/maptechservices.fr\/wp-content\/uploads\/2025\/04\/cropped-logo-2.png","width":512,"height":512,"caption":"Maptech services"},"image":{"@id":"https:\/\/maptechservices.fr\/#\/schema\/logo\/image\/"},"sameAs":["https:\/\/www.linkedin.com\/company\/sarl-maptech-services\/?viewAsMember=true"]}]}},"_links":{"self":[{"href":"https:\/\/maptechservices.fr\/index.php\/wp-json\/wp\/v2\/pages\/264","targetHints":{"allow":["GET"]}}],"collection":[{"href":"https:\/\/maptechservices.fr\/index.php\/wp-json\/wp\/v2\/pages"}],"about":[{"href":"https:\/\/maptechservices.fr\/index.php\/wp-json\/wp\/v2\/types\/page"}],"author":[{"embeddable":true,"href":"https:\/\/maptechservices.fr\/index.php\/wp-json\/wp\/v2\/users\/1"}],"replies":[{"embeddable":true,"href":"https:\/\/maptechservices.fr\/index.php\/wp-json\/wp\/v2\/comments?post=264"}],"version-history":[{"count":11,"href":"https:\/\/maptechservices.fr\/index.php\/wp-json\/wp\/v2\/pages\/264\/revisions"}],"predecessor-version":[{"id":457,"href":"https:\/\/maptechservices.fr\/index.php\/wp-json\/wp\/v2\/pages\/264\/revisions\/457"}],"wp:attachment":[{"href":"https:\/\/maptechservices.fr\/index.php\/wp-json\/wp\/v2\/media?parent=264"}],"curies":[{"name":"wp","href":"https:\/\/api.w.org\/{rel}","templated":true}]}}