{"id":242,"date":"2024-05-30T09:08:41","date_gmt":"2024-05-30T07:08:41","guid":{"rendered":"https:\/\/maptechservices.fr\/?page_id=242"},"modified":"2026-01-13T19:31:00","modified_gmt":"2026-01-13T18:31:00","slug":"nouscontacter","status":"publish","type":"page","link":"https:\/\/maptechservices.fr\/index.php\/nouscontacter\/","title":{"rendered":"Nous contacter"},"content":{"rendered":"<style id=\"wpforms-css-vars-240-block-8e35baec-cb09-49fb-b358-d1d74ad0814f\">\n\t\t\t\t#wpforms-240.wpforms-block-8e35baec-cb09-49fb-b358-d1d74ad0814f {\n\t\t\t\t--wpforms-field-size-input-height: 43px;\n--wpforms-field-size-input-spacing: 15px;\n--wpforms-field-size-font-size: 16px;\n--wpforms-field-size-line-height: 19px;\n--wpforms-field-size-padding-h: 14px;\n--wpforms-field-size-checkbox-size: 16px;\n--wpforms-field-size-sublabel-spacing: 5px;\n--wpforms-field-size-icon-size: 1;\n--wpforms-label-size-font-size: 16px;\n--wpforms-label-size-line-height: 19px;\n--wpforms-label-size-sublabel-font-size: 14px;\n--wpforms-label-size-sublabel-line-height: 17px;\n--wpforms-button-size-font-size: 17px;\n--wpforms-button-size-height: 41px;\n--wpforms-button-size-padding-h: 15px;\n--wpforms-button-size-margin-top: 10px;\n\t\t\t}\n\t\t\t<\/style><div class=\"wpforms-container wpforms-container-full wpforms-block wpforms-block-8e35baec-cb09-49fb-b358-d1d74ad0814f wpforms-render-modern\" id=\"wpforms-240\"><form id=\"wpforms-form-240\" class=\"wpforms-validate wpforms-form wpforms-ajax-form\" data-formid=\"240\" method=\"post\" enctype=\"multipart\/form-data\" action=\"\/index.php\/wp-json\/wp\/v2\/pages\/242\" data-token=\"0fade5fba4e10cbb02694b38e095b72e\" data-token-time=\"1777914952\"><noscript class=\"wpforms-error-noscript\">Veuillez activer JavaScript dans votre navigateur pour remplir ce formulaire.<\/noscript><div id=\"wpforms-error-noscript\" style=\"display: none;\">Veuillez activer JavaScript dans votre navigateur pour remplir ce formulaire.<\/div><div class=\"wpforms-field-container\"><div id=\"wpforms-240-field_0-container\" class=\"wpforms-field wpforms-field-name\" data-field-id=\"0\"><fieldset><legend class=\"wpforms-field-label\">Nom <span class=\"wpforms-required-label\" aria-hidden=\"true\">*<\/span><\/legend><div class=\"wpforms-field-row wpforms-field-medium\"><div class=\"wpforms-field-row-block wpforms-first wpforms-one-half\"><input type=\"text\" id=\"wpforms-240-field_0\" class=\"wpforms-field-name-first wpforms-field-required\" name=\"wpforms[fields][0][first]\" aria-errormessage=\"wpforms-240-field_0-error\" required><label for=\"wpforms-240-field_0\" class=\"wpforms-field-sublabel after\">Pr\u00e9nom<\/label><\/div><div class=\"wpforms-field-row-block wpforms-one-half\"><input type=\"text\" id=\"wpforms-240-field_0-last\" class=\"wpforms-field-name-last wpforms-field-required\" name=\"wpforms[fields][0][last]\" aria-errormessage=\"wpforms-240-field_0-last-error\" required><label for=\"wpforms-240-field_0-last\" class=\"wpforms-field-sublabel after\">Nom<\/label><\/div><\/div><\/fieldset><\/div><div id=\"wpforms-240-field_4-container\" class=\"wpforms-field wpforms-field-text\" data-field-id=\"4\"><label class=\"wpforms-field-label\" for=\"wpforms-240-field_4\">Soci\u00e9t\u00e9 <\/label><input type=\"text\" id=\"wpforms-240-field_4\" class=\"wpforms-field-medium\" name=\"wpforms[fields][4]\" aria-errormessage=\"wpforms-240-field_4-error\" ><\/div><div id=\"wpforms-240-field_1-container\" class=\"wpforms-field wpforms-field-email\" data-field-id=\"1\"><label class=\"wpforms-field-label\" for=\"wpforms-240-field_1\">E-mail <span class=\"wpforms-required-label\" aria-hidden=\"true\">*<\/span><\/label><input type=\"email\" id=\"wpforms-240-field_1\" class=\"wpforms-field-medium wpforms-field-required\" name=\"wpforms[fields][1]\" spellcheck=\"false\" aria-errormessage=\"wpforms-240-field_1-error\" required><\/div><div id=\"wpforms-240-field_2-container\" class=\"wpforms-field wpforms-field-textarea\" data-field-id=\"2\"><label class=\"wpforms-field-label\" for=\"wpforms-240-field_2\">Commentaire ou message<\/label><textarea id=\"wpforms-240-field_2\" class=\"wpforms-field-medium\" name=\"wpforms[fields][2]\" aria-errormessage=\"wpforms-240-field_2-error\" ><\/textarea><\/div><\/div><!-- .wpforms-field-container --><div class=\"wpforms-submit-container\" ><input type=\"hidden\" name=\"wpforms[id]\" value=\"240\"><input type=\"hidden\" name=\"page_title\" value=\"\"><input type=\"hidden\" name=\"page_url\" value=\"https:\/\/maptechservices.fr\/index.php\/wp-json\/wp\/v2\/pages\/242\"><input type=\"hidden\" name=\"url_referer\" value=\"\"><button type=\"submit\" name=\"wpforms[submit]\" id=\"wpforms-submit-240\" class=\"wpforms-submit\" data-alt-text=\"Envoi...\" data-submit-text=\"Envoyer\" aria-live=\"assertive\" value=\"wpforms-submit\">Envoyer<\/button><img loading=\"lazy\" decoding=\"async\" src=\"https:\/\/maptechservices.fr\/wp-content\/plugins\/wpforms-lite\/assets\/images\/submit-spin.svg\" class=\"wpforms-submit-spinner\" style=\"display: none;\" width=\"26\" height=\"26\" alt=\"Chargement en cours\"><\/div><\/form><\/div>  <!-- .wpforms-container -->","protected":false},"excerpt":{"rendered":"","protected":false},"author":1,"featured_media":0,"parent":0,"menu_order":1,"comment_status":"closed","ping_status":"closed","template":"","meta":{"footnotes":""},"class_list":["post-242","page","type-page","status-publish","hentry"],"yoast_head":"<!-- This site is optimized with the Yoast SEO plugin v26.5 - https:\/\/yoast.com\/wordpress\/plugins\/seo\/ -->\n<title>Nous contacter - Maptech services<\/title>\n<meta name=\"description\" content=\"Maptech services est votre partenaire de mise au point pour les \u00e9quilibrages a\u00e9raulique, hydraulique et pour le d\u00e9senfumage.\" \/>\n<meta name=\"robots\" content=\"index, follow, max-snippet:-1, max-image-preview:large, max-video-preview:-1\" \/>\n<link rel=\"canonical\" href=\"https:\/\/maptechservices.fr\/index.php\/nouscontacter\/\" \/>\n<meta property=\"og:locale\" content=\"fr_FR\" \/>\n<meta property=\"og:type\" content=\"article\" \/>\n<meta property=\"og:title\" content=\"Nous contacter - Maptech services\" \/>\n<meta property=\"og:description\" content=\"Maptech services est votre partenaire de mise au point pour les \u00e9quilibrages a\u00e9raulique, hydraulique et pour le d\u00e9senfumage.\" \/>\n<meta property=\"og:url\" content=\"https:\/\/maptechservices.fr\/index.php\/nouscontacter\/\" \/>\n<meta property=\"og:site_name\" content=\"Maptech services\" \/>\n<meta property=\"article:modified_time\" content=\"2026-01-13T18:31:00+00:00\" \/>\n<meta name=\"twitter:card\" content=\"summary_large_image\" \/>\n<script type=\"application\/ld+json\" class=\"yoast-schema-graph\">{\"@context\":\"https:\/\/schema.org\",\"@graph\":[{\"@type\":\"WebPage\",\"@id\":\"https:\/\/maptechservices.fr\/index.php\/nouscontacter\/\",\"url\":\"https:\/\/maptechservices.fr\/index.php\/nouscontacter\/\",\"name\":\"Nous contacter - Maptech services\",\"isPartOf\":{\"@id\":\"https:\/\/maptechservices.fr\/#website\"},\"datePublished\":\"2024-05-30T07:08:41+00:00\",\"dateModified\":\"2026-01-13T18:31:00+00:00\",\"description\":\"Maptech services est votre partenaire de mise au point pour les \u00e9quilibrages a\u00e9raulique, hydraulique et pour le d\u00e9senfumage.\",\"breadcrumb\":{\"@id\":\"https:\/\/maptechservices.fr\/index.php\/nouscontacter\/#breadcrumb\"},\"inLanguage\":\"fr-FR\",\"potentialAction\":[{\"@type\":\"ReadAction\",\"target\":[\"https:\/\/maptechservices.fr\/index.php\/nouscontacter\/\"]}]},{\"@type\":\"BreadcrumbList\",\"@id\":\"https:\/\/maptechservices.fr\/index.php\/nouscontacter\/#breadcrumb\",\"itemListElement\":[{\"@type\":\"ListItem\",\"position\":1,\"name\":\"Accueil\",\"item\":\"https:\/\/maptechservices.fr\/\"},{\"@type\":\"ListItem\",\"position\":2,\"name\":\"Nous contacter\"}]},{\"@type\":\"WebSite\",\"@id\":\"https:\/\/maptechservices.fr\/#website\",\"url\":\"https:\/\/maptechservices.fr\/\",\"name\":\"Maptech services\",\"description\":\"\u00e9quilibrage a\u00e9raulique, hydraulique et d\u00e9senfumage CVCD.\",\"publisher\":{\"@id\":\"https:\/\/maptechservices.fr\/#organization\"},\"alternateName\":\"Maptech\",\"potentialAction\":[{\"@type\":\"SearchAction\",\"target\":{\"@type\":\"EntryPoint\",\"urlTemplate\":\"https:\/\/maptechservices.fr\/?s={search_term_string}\"},\"query-input\":{\"@type\":\"PropertyValueSpecification\",\"valueRequired\":true,\"valueName\":\"search_term_string\"}}],\"inLanguage\":\"fr-FR\"},{\"@type\":\"Organization\",\"@id\":\"https:\/\/maptechservices.fr\/#organization\",\"name\":\"Maptech services\",\"url\":\"https:\/\/maptechservices.fr\/\",\"logo\":{\"@type\":\"ImageObject\",\"inLanguage\":\"fr-FR\",\"@id\":\"https:\/\/maptechservices.fr\/#\/schema\/logo\/image\/\",\"url\":\"https:\/\/maptechservices.fr\/wp-content\/uploads\/2025\/04\/cropped-logo-2.png\",\"contentUrl\":\"https:\/\/maptechservices.fr\/wp-content\/uploads\/2025\/04\/cropped-logo-2.png\",\"width\":512,\"height\":512,\"caption\":\"Maptech services\"},\"image\":{\"@id\":\"https:\/\/maptechservices.fr\/#\/schema\/logo\/image\/\"},\"sameAs\":[\"https:\/\/www.linkedin.com\/company\/sarl-maptech-services\/?viewAsMember=true\"]}]}<\/script>\n<!-- \/ Yoast SEO plugin. -->","yoast_head_json":{"title":"Nous contacter - Maptech services","description":"Maptech services est votre partenaire de mise au point pour les \u00e9quilibrages a\u00e9raulique, hydraulique et pour le d\u00e9senfumage.","robots":{"index":"index","follow":"follow","max-snippet":"max-snippet:-1","max-image-preview":"max-image-preview:large","max-video-preview":"max-video-preview:-1"},"canonical":"https:\/\/maptechservices.fr\/index.php\/nouscontacter\/","og_locale":"fr_FR","og_type":"article","og_title":"Nous contacter - Maptech services","og_description":"Maptech services est votre partenaire de mise au point pour les \u00e9quilibrages a\u00e9raulique, hydraulique et pour le d\u00e9senfumage.","og_url":"https:\/\/maptechservices.fr\/index.php\/nouscontacter\/","og_site_name":"Maptech services","article_modified_time":"2026-01-13T18:31:00+00:00","twitter_card":"summary_large_image","schema":{"@context":"https:\/\/schema.org","@graph":[{"@type":"WebPage","@id":"https:\/\/maptechservices.fr\/index.php\/nouscontacter\/","url":"https:\/\/maptechservices.fr\/index.php\/nouscontacter\/","name":"Nous contacter - Maptech services","isPartOf":{"@id":"https:\/\/maptechservices.fr\/#website"},"datePublished":"2024-05-30T07:08:41+00:00","dateModified":"2026-01-13T18:31:00+00:00","description":"Maptech services est votre partenaire de mise au point pour les \u00e9quilibrages a\u00e9raulique, hydraulique et pour le d\u00e9senfumage.","breadcrumb":{"@id":"https:\/\/maptechservices.fr\/index.php\/nouscontacter\/#breadcrumb"},"inLanguage":"fr-FR","potentialAction":[{"@type":"ReadAction","target":["https:\/\/maptechservices.fr\/index.php\/nouscontacter\/"]}]},{"@type":"BreadcrumbList","@id":"https:\/\/maptechservices.fr\/index.php\/nouscontacter\/#breadcrumb","itemListElement":[{"@type":"ListItem","position":1,"name":"Accueil","item":"https:\/\/maptechservices.fr\/"},{"@type":"ListItem","position":2,"name":"Nous contacter"}]},{"@type":"WebSite","@id":"https:\/\/maptechservices.fr\/#website","url":"https:\/\/maptechservices.fr\/","name":"Maptech services","description":"\u00e9quilibrage a\u00e9raulique, hydraulique et d\u00e9senfumage CVCD.","publisher":{"@id":"https:\/\/maptechservices.fr\/#organization"},"alternateName":"Maptech","potentialAction":[{"@type":"SearchAction","target":{"@type":"EntryPoint","urlTemplate":"https:\/\/maptechservices.fr\/?s={search_term_string}"},"query-input":{"@type":"PropertyValueSpecification","valueRequired":true,"valueName":"search_term_string"}}],"inLanguage":"fr-FR"},{"@type":"Organization","@id":"https:\/\/maptechservices.fr\/#organization","name":"Maptech services","url":"https:\/\/maptechservices.fr\/","logo":{"@type":"ImageObject","inLanguage":"fr-FR","@id":"https:\/\/maptechservices.fr\/#\/schema\/logo\/image\/","url":"https:\/\/maptechservices.fr\/wp-content\/uploads\/2025\/04\/cropped-logo-2.png","contentUrl":"https:\/\/maptechservices.fr\/wp-content\/uploads\/2025\/04\/cropped-logo-2.png","width":512,"height":512,"caption":"Maptech services"},"image":{"@id":"https:\/\/maptechservices.fr\/#\/schema\/logo\/image\/"},"sameAs":["https:\/\/www.linkedin.com\/company\/sarl-maptech-services\/?viewAsMember=true"]}]}},"_links":{"self":[{"href":"https:\/\/maptechservices.fr\/index.php\/wp-json\/wp\/v2\/pages\/242","targetHints":{"allow":["GET"]}}],"collection":[{"href":"https:\/\/maptechservices.fr\/index.php\/wp-json\/wp\/v2\/pages"}],"about":[{"href":"https:\/\/maptechservices.fr\/index.php\/wp-json\/wp\/v2\/types\/page"}],"author":[{"embeddable":true,"href":"https:\/\/maptechservices.fr\/index.php\/wp-json\/wp\/v2\/users\/1"}],"replies":[{"embeddable":true,"href":"https:\/\/maptechservices.fr\/index.php\/wp-json\/wp\/v2\/comments?post=242"}],"version-history":[{"count":4,"href":"https:\/\/maptechservices.fr\/index.php\/wp-json\/wp\/v2\/pages\/242\/revisions"}],"predecessor-version":[{"id":458,"href":"https:\/\/maptechservices.fr\/index.php\/wp-json\/wp\/v2\/pages\/242\/revisions\/458"}],"wp:attachment":[{"href":"https:\/\/maptechservices.fr\/index.php\/wp-json\/wp\/v2\/media?parent=242"}],"curies":[{"name":"wp","href":"https:\/\/api.w.org\/{rel}","templated":true}]}}